{"id":5422,"date":"2021-03-25T15:08:39","date_gmt":"2021-03-25T19:08:39","guid":{"rendered":"https:\/\/traindecharlevoix.com\/?page_id=5422"},"modified":"2025-05-06T11:16:03","modified_gmt":"2025-05-06T15:16:03","slug":"group-seating","status":"publish","type":"page","link":"https:\/\/traindecharlevoix.com\/en\/le-train\/group-seating\/","title":{"rendered":"Group Seating"},"content":{"rendered":"","protected":false},"excerpt":{"rendered":"","protected":false},"author":4,"featured_media":0,"parent":2341,"menu_order":0,"comment_status":"closed","ping_status":"closed","template":"","meta":{"_acf_changed":false,"footnotes":""},"class_list":["post-5422","page","type-page","status-publish","hentry"],"acf":[],"yoast_head":"<!-- This site is optimized with the Yoast SEO plugin v26.7 - https:\/\/yoast.com\/wordpress\/plugins\/seo\/ -->\n<title>Group Seating - Train de Charlevoix<\/title>\n<meta name=\"description\" content=\"Le Train de Charlevoix vous permet de vivre une exp\u00e9rience unique et de d\u00e9couvrir la magnifique r\u00e9gion de Charlevoix. Laissez-vous charmer !\" \/>\n<meta name=\"robots\" content=\"index, follow, max-snippet:-1, max-image-preview:large, max-video-preview:-1\" \/>\n<link rel=\"canonical\" href=\"https:\/\/traindecharlevoix.com\/en\/le-train\/group-seating\/\" \/>\n<meta property=\"og:locale\" content=\"en_US\" \/>\n<meta property=\"og:type\" content=\"article\" \/>\n<meta property=\"og:title\" content=\"Group Seating - Train de Charlevoix\" \/>\n<meta property=\"og:description\" content=\"Le Train de Charlevoix vous permet de vivre une exp\u00e9rience unique et de d\u00e9couvrir la magnifique r\u00e9gion de Charlevoix. Laissez-vous charmer !\" \/>\n<meta property=\"og:url\" content=\"https:\/\/traindecharlevoix.com\/en\/le-train\/group-seating\/\" \/>\n<meta property=\"og:site_name\" content=\"Train de Charlevoix\" \/>\n<meta property=\"article:publisher\" content=\"https:\/\/www.facebook.com\/traindecharlevoix\/\" \/>\n<meta property=\"article:modified_time\" content=\"2025-05-06T15:16:03+00:00\" \/>\n<meta name=\"twitter:card\" content=\"summary_large_image\" \/>\n<script type=\"application\/ld+json\" class=\"yoast-schema-graph\">{\"@context\":\"https:\/\/schema.org\",\"@graph\":[{\"@type\":\"WebPage\",\"@id\":\"https:\/\/traindecharlevoix.com\/en\/le-train\/group-seating\/\",\"url\":\"https:\/\/traindecharlevoix.com\/en\/le-train\/group-seating\/\",\"name\":\"Group Seating - Train de Charlevoix\",\"isPartOf\":{\"@id\":\"https:\/\/traindecharlevoix.com\/en\/#website\"},\"datePublished\":\"2021-03-25T19:08:39+00:00\",\"dateModified\":\"2025-05-06T15:16:03+00:00\",\"description\":\"Le Train de Charlevoix vous permet de vivre une exp\u00e9rience unique et de d\u00e9couvrir la magnifique r\u00e9gion de Charlevoix. Laissez-vous charmer !\",\"breadcrumb\":{\"@id\":\"https:\/\/traindecharlevoix.com\/en\/le-train\/group-seating\/#breadcrumb\"},\"inLanguage\":\"en-US\",\"potentialAction\":[{\"@type\":\"ReadAction\",\"target\":[\"https:\/\/traindecharlevoix.com\/en\/le-train\/group-seating\/\"]}]},{\"@type\":\"BreadcrumbList\",\"@id\":\"https:\/\/traindecharlevoix.com\/en\/le-train\/group-seating\/#breadcrumb\",\"itemListElement\":[{\"@type\":\"ListItem\",\"position\":1,\"name\":\"Home\",\"item\":\"https:\/\/traindecharlevoix.com\/en\/\"},{\"@type\":\"ListItem\",\"position\":2,\"name\":\"The Train\",\"item\":\"https:\/\/traindecharlevoix.com\/en\/le-train\/\"},{\"@type\":\"ListItem\",\"position\":3,\"name\":\"Group Seating\"}]},{\"@type\":\"WebSite\",\"@id\":\"https:\/\/traindecharlevoix.com\/en\/#website\",\"url\":\"https:\/\/traindecharlevoix.com\/en\/\",\"name\":\"Train de Charlevoix\",\"description\":\"Le Train de Charlevoix vous permet de vivre une exp\u00e9rience unique et de d\u00e9couvrir la magnifique r\u00e9gion de Charlevoix. Laissez-vous charmer !\",\"publisher\":{\"@id\":\"https:\/\/traindecharlevoix.com\/en\/#organization\"},\"potentialAction\":[{\"@type\":\"SearchAction\",\"target\":{\"@type\":\"EntryPoint\",\"urlTemplate\":\"https:\/\/traindecharlevoix.com\/en\/?s={search_term_string}\"},\"query-input\":{\"@type\":\"PropertyValueSpecification\",\"valueRequired\":true,\"valueName\":\"search_term_string\"}}],\"inLanguage\":\"en-US\"},{\"@type\":\"Organization\",\"@id\":\"https:\/\/traindecharlevoix.com\/en\/#organization\",\"name\":\"Train de Charlevoix\",\"url\":\"https:\/\/traindecharlevoix.com\/en\/\",\"logo\":{\"@type\":\"ImageObject\",\"inLanguage\":\"en-US\",\"@id\":\"https:\/\/traindecharlevoix.com\/en\/#\/schema\/logo\/image\/\",\"url\":\"https:\/\/traindecharlevoix.com\/wp-content\/uploads\/2019\/05\/train_de_charlevoix_logo.svg\",\"contentUrl\":\"https:\/\/traindecharlevoix.com\/wp-content\/uploads\/2019\/05\/train_de_charlevoix_logo.svg\",\"width\":88,\"height\":45,\"caption\":\"Train de Charlevoix\"},\"image\":{\"@id\":\"https:\/\/traindecharlevoix.com\/en\/#\/schema\/logo\/image\/\"},\"sameAs\":[\"https:\/\/www.facebook.com\/traindecharlevoix\/\",\"https:\/\/www.instagram.com\/traindecharlevoix\/\"]}]}<\/script>\n<!-- \/ Yoast SEO plugin. -->","yoast_head_json":{"title":"Group Seating - Train de Charlevoix","description":"Le Train de Charlevoix vous permet de vivre une exp\u00e9rience unique et de d\u00e9couvrir la magnifique r\u00e9gion de Charlevoix. Laissez-vous charmer !","robots":{"index":"index","follow":"follow","max-snippet":"max-snippet:-1","max-image-preview":"max-image-preview:large","max-video-preview":"max-video-preview:-1"},"canonical":"https:\/\/traindecharlevoix.com\/en\/le-train\/group-seating\/","og_locale":"en_US","og_type":"article","og_title":"Group Seating - Train de Charlevoix","og_description":"Le Train de Charlevoix vous permet de vivre une exp\u00e9rience unique et de d\u00e9couvrir la magnifique r\u00e9gion de Charlevoix. Laissez-vous charmer !","og_url":"https:\/\/traindecharlevoix.com\/en\/le-train\/group-seating\/","og_site_name":"Train de Charlevoix","article_publisher":"https:\/\/www.facebook.com\/traindecharlevoix\/","article_modified_time":"2025-05-06T15:16:03+00:00","twitter_card":"summary_large_image","schema":{"@context":"https:\/\/schema.org","@graph":[{"@type":"WebPage","@id":"https:\/\/traindecharlevoix.com\/en\/le-train\/group-seating\/","url":"https:\/\/traindecharlevoix.com\/en\/le-train\/group-seating\/","name":"Group Seating - Train de Charlevoix","isPartOf":{"@id":"https:\/\/traindecharlevoix.com\/en\/#website"},"datePublished":"2021-03-25T19:08:39+00:00","dateModified":"2025-05-06T15:16:03+00:00","description":"Le Train de Charlevoix vous permet de vivre une exp\u00e9rience unique et de d\u00e9couvrir la magnifique r\u00e9gion de Charlevoix. Laissez-vous charmer !","breadcrumb":{"@id":"https:\/\/traindecharlevoix.com\/en\/le-train\/group-seating\/#breadcrumb"},"inLanguage":"en-US","potentialAction":[{"@type":"ReadAction","target":["https:\/\/traindecharlevoix.com\/en\/le-train\/group-seating\/"]}]},{"@type":"BreadcrumbList","@id":"https:\/\/traindecharlevoix.com\/en\/le-train\/group-seating\/#breadcrumb","itemListElement":[{"@type":"ListItem","position":1,"name":"Home","item":"https:\/\/traindecharlevoix.com\/en\/"},{"@type":"ListItem","position":2,"name":"The Train","item":"https:\/\/traindecharlevoix.com\/en\/le-train\/"},{"@type":"ListItem","position":3,"name":"Group Seating"}]},{"@type":"WebSite","@id":"https:\/\/traindecharlevoix.com\/en\/#website","url":"https:\/\/traindecharlevoix.com\/en\/","name":"Train de Charlevoix","description":"Le Train de Charlevoix vous permet de vivre une exp\u00e9rience unique et de d\u00e9couvrir la magnifique r\u00e9gion de Charlevoix. Laissez-vous charmer !","publisher":{"@id":"https:\/\/traindecharlevoix.com\/en\/#organization"},"potentialAction":[{"@type":"SearchAction","target":{"@type":"EntryPoint","urlTemplate":"https:\/\/traindecharlevoix.com\/en\/?s={search_term_string}"},"query-input":{"@type":"PropertyValueSpecification","valueRequired":true,"valueName":"search_term_string"}}],"inLanguage":"en-US"},{"@type":"Organization","@id":"https:\/\/traindecharlevoix.com\/en\/#organization","name":"Train de Charlevoix","url":"https:\/\/traindecharlevoix.com\/en\/","logo":{"@type":"ImageObject","inLanguage":"en-US","@id":"https:\/\/traindecharlevoix.com\/en\/#\/schema\/logo\/image\/","url":"https:\/\/traindecharlevoix.com\/wp-content\/uploads\/2019\/05\/train_de_charlevoix_logo.svg","contentUrl":"https:\/\/traindecharlevoix.com\/wp-content\/uploads\/2019\/05\/train_de_charlevoix_logo.svg","width":88,"height":45,"caption":"Train de Charlevoix"},"image":{"@id":"https:\/\/traindecharlevoix.com\/en\/#\/schema\/logo\/image\/"},"sameAs":["https:\/\/www.facebook.com\/traindecharlevoix\/","https:\/\/www.instagram.com\/traindecharlevoix\/"]}]}},"_links":{"self":[{"href":"https:\/\/traindecharlevoix.com\/en\/wp-json\/wp\/v2\/pages\/5422","targetHints":{"allow":["GET"]}}],"collection":[{"href":"https:\/\/traindecharlevoix.com\/en\/wp-json\/wp\/v2\/pages"}],"about":[{"href":"https:\/\/traindecharlevoix.com\/en\/wp-json\/wp\/v2\/types\/page"}],"author":[{"embeddable":true,"href":"https:\/\/traindecharlevoix.com\/en\/wp-json\/wp\/v2\/users\/4"}],"replies":[{"embeddable":true,"href":"https:\/\/traindecharlevoix.com\/en\/wp-json\/wp\/v2\/comments?post=5422"}],"version-history":[{"count":0,"href":"https:\/\/traindecharlevoix.com\/en\/wp-json\/wp\/v2\/pages\/5422\/revisions"}],"up":[{"embeddable":true,"href":"https:\/\/traindecharlevoix.com\/en\/wp-json\/wp\/v2\/pages\/2341"}],"wp:attachment":[{"href":"https:\/\/traindecharlevoix.com\/en\/wp-json\/wp\/v2\/media?parent=5422"}],"curies":[{"name":"wp","href":"https:\/\/api.w.org\/{rel}","templated":true}]}}