{"id":5189,"date":"2021-03-23T14:17:22","date_gmt":"2021-03-23T18:17:22","guid":{"rendered":"https:\/\/traindecharlevoix.com\/?page_id=5189"},"modified":"2026-04-14T09:55:08","modified_gmt":"2026-04-14T13:55:08","slug":"home","status":"publish","type":"page","link":"https:\/\/traindecharlevoix.com\/en\/","title":{"rendered":"Home"},"content":{"rendered":"\n<div style=\"height:100px\" aria-hidden=\"true\" class=\"wp-block-spacer\"><\/div>\n\n\n\n<section class=\"wp-block-group alignfull\" id=\"promotion\"><div class=\"wp-block-group__inner-container is-layout-constrained wp-block-group-is-layout-constrained\">\n<div class=\"wp-block-media-text alignwide is-stacked-on-mobile is-vertically-aligned-center is-image-fill-element is-style-radius-desktop\" style=\"grid-template-columns:40% auto\"><figure class=\"wp-block-media-text__media\"><img decoding=\"async\" width=\"800\" height=\"534\" data-src=\"https:\/\/traindecharlevoix.com\/wp-content\/uploads\/2025\/10\/promo-forfaits-2026.webp\" alt=\"\" class=\"wp-image-15625 size-full lazyload\" style=\"--smush-placeholder-width: 800px; --smush-placeholder-aspect-ratio: 800\/534;object-position:50% 50%\" data-srcset=\"https:\/\/traindecharlevoix.com\/wp-content\/uploads\/2025\/10\/promo-forfaits-2026.webp 800w, https:\/\/traindecharlevoix.com\/wp-content\/uploads\/2025\/10\/promo-forfaits-2026-500x334.webp 500w, https:\/\/traindecharlevoix.com\/wp-content\/uploads\/2025\/10\/promo-forfaits-2026-250x167.webp 250w\" data-sizes=\"(max-width: 800px) 100vw, 800px\" src=\"data:image\/svg+xml;base64,PHN2ZyB3aWR0aD0iMSIgaGVpZ2h0PSIxIiB4bWxucz0iaHR0cDovL3d3dy53My5vcmcvMjAwMC9zdmciPjwvc3ZnPg==\" \/><\/figure><div class=\"wp-block-media-text__content\">\n<div class=\"wp-block-group\" style=\"padding-top:var(--wp--preset--spacing--70);padding-right:var(--wp--preset--spacing--30);padding-bottom:var(--wp--preset--spacing--70);padding-left:var(--wp--preset--spacing--30)\"><div class=\"wp-block-group__inner-container is-layout-constrained wp-container-core-group-is-layout-5cffc2c1 wp-block-group-is-layout-constrained\">\n<h2 class=\"wp-block-heading has-large-font-size\" style=\"margin-bottom:0px\">The 2026 season starts on June 5th!<\/h2>\n\n\n\n<p class=\"has-medium-font-size\" style=\"margin-bottom:var(--wp--preset--spacing--70)\"><strong>Book online or contact us at 1 833 616-7135<\/strong><\/p>\n\n\n\n<div class=\"wp-block-buttons is-layout-flex wp-block-buttons-is-layout-flex\">\n<div class=\"wp-block-button\"><a class=\"wp-block-button__link has-white-color has-text-color has-background has-link-color has-border-color wp-element-button\" href=\"https:\/\/traindecharlevoix.gvq.ca\/en\" style=\"border-color:#003144;border-width:1px;border-top-left-radius:0px;border-top-right-radius:0px;border-bottom-left-radius:0px;border-bottom-right-radius:0px;background-color:#003144\" target=\"_blank\" rel=\"noreferrer noopener\">Book<\/a><\/div>\n<\/div>\n<\/div><\/div>\n<\/div><\/div>\n<\/div><\/section>\n\n\n\n<div style=\"height:50px\" aria-hidden=\"true\" class=\"wp-block-spacer\"><\/div>\n\n\n\n<section class=\"wp-block-group alignfull\"><div class=\"wp-block-group__inner-container is-layout-constrained wp-block-group-is-layout-constrained\">\n<div class=\"wp-block-group alignwide\" style=\"margin-bottom:var(--wp--preset--spacing--70)\"><div class=\"wp-block-group__inner-container is-layout-constrained wp-block-group-is-layout-constrained\">\n<h2 class=\"wp-block-heading\" style=\"margin-bottom:var(--wp--preset--spacing--50)\">Our Train &amp; Accommodation packages 2026<\/h2>\n\n\n<div class=\"wp-block-safe-svg-svg-icon safe-svg-cover\" style=\"text-align: left;\">\n\t\t\t\t<div class=\"safe-svg-inside safe-svg-inline\" style=\"width: 50px; height: 7px; background-color: var(--wp--preset--color--); color: var(--wp--preset--color--); padding-top: ; padding-right: ; padding-bottom: ; padding-left: ; margin-top: 0rem; margin-right: ; margin-bottom: ; margin-left: ;\"><?xml version=\"1.0\" encoding=\"UTF-8\"?> <svg xmlns=\"http:\/\/www.w3.org\/2000\/svg\" width=\"50\" height=\"7\" viewBox=\"0 0 50 7\"><path fill=\"#003044\" fill-rule=\"evenodd\" d=\"M42.98 7V3.578h-7.163V7h-7.164V3.578H21.49V7h-7.163V3.578H7.163V7H0V0h50v7z\"><\/path><\/svg> <\/div>\n\t\t\t<\/div><\/div><\/div>\n\n\n\n<div class=\"wp-block-group alignwide is-style-packages-grid is-layout-grid wp-container-core-group-is-layout-e2bd5cb0 wp-block-group-is-layout-grid\">\n<figure class=\"wp-block-image size-full\"><a href=\"https:\/\/traindecharlevoix.gvq.ca\/en\/packages\/forfait-train-de-charlevoix-et-hebergement-a-lauberge-des-3-canards\" target=\"_blank\" rel=\" noreferrer noopener\"><img decoding=\"async\" width=\"325\" height=\"350\" data-src=\"https:\/\/traindecharlevoix.com\/wp-content\/uploads\/2025\/10\/forfait-auberge-3-canards.webp\" alt=\"\" class=\"wp-image-15568 lazyload\" data-srcset=\"https:\/\/traindecharlevoix.com\/wp-content\/uploads\/2025\/10\/forfait-auberge-3-canards.webp 325w, https:\/\/traindecharlevoix.com\/wp-content\/uploads\/2025\/10\/forfait-auberge-3-canards-250x269.webp 250w\" data-sizes=\"(max-width: 325px) 100vw, 325px\" src=\"data:image\/svg+xml;base64,PHN2ZyB3aWR0aD0iMSIgaGVpZ2h0PSIxIiB4bWxucz0iaHR0cDovL3d3dy53My5vcmcvMjAwMC9zdmciPjwvc3ZnPg==\" style=\"--smush-placeholder-width: 325px; --smush-placeholder-aspect-ratio: 325\/350;\" \/><\/a><figcaption class=\"wp-element-caption\">Auberge des 3 Canards<\/figcaption><\/figure>\n\n\n\n<figure class=\"wp-block-image size-full\"><a href=\"https:\/\/traindecharlevoix.gvq.ca\/en\/packages\/forfait-train-de-charlevoix-et-hebergement-au-fairmont-le-manoir-richelieu\" target=\"_blank\" rel=\" noreferrer noopener\"><img decoding=\"async\" width=\"325\" height=\"350\" data-src=\"https:\/\/traindecharlevoix.com\/wp-content\/uploads\/2025\/10\/forfait-fairmont-manoir-richelieu.webp\" alt=\"\" class=\"wp-image-15570 lazyload\" data-srcset=\"https:\/\/traindecharlevoix.com\/wp-content\/uploads\/2025\/10\/forfait-fairmont-manoir-richelieu.webp 325w, https:\/\/traindecharlevoix.com\/wp-content\/uploads\/2025\/10\/forfait-fairmont-manoir-richelieu-250x269.webp 250w\" data-sizes=\"(max-width: 325px) 100vw, 325px\" src=\"data:image\/svg+xml;base64,PHN2ZyB3aWR0aD0iMSIgaGVpZ2h0PSIxIiB4bWxucz0iaHR0cDovL3d3dy53My5vcmcvMjAwMC9zdmciPjwvc3ZnPg==\" style=\"--smush-placeholder-width: 325px; --smush-placeholder-aspect-ratio: 325\/350;\" \/><\/a><figcaption class=\"wp-element-caption\">Fairmont Le Manoir Richelieu<\/figcaption><\/figure>\n\n\n\n<figure class=\"wp-block-image size-full\"><a href=\"https:\/\/traindecharlevoix.gvq.ca\/en\/forfait\/forfait-train-hebergement-germain-baie-saint-paul\" target=\"_blank\" rel=\" noreferrer noopener\"><img decoding=\"async\" width=\"325\" height=\"350\" data-src=\"https:\/\/traindecharlevoix.com\/wp-content\/uploads\/2025\/10\/forfait-hotel-spa-le-germain-charlevoix.webp\" alt=\"\" class=\"wp-image-15561 lazyload\" data-srcset=\"https:\/\/traindecharlevoix.com\/wp-content\/uploads\/2025\/10\/forfait-hotel-spa-le-germain-charlevoix.webp 325w, https:\/\/traindecharlevoix.com\/wp-content\/uploads\/2025\/10\/forfait-hotel-spa-le-germain-charlevoix-250x269.webp 250w\" data-sizes=\"(max-width: 325px) 100vw, 325px\" src=\"data:image\/svg+xml;base64,PHN2ZyB3aWR0aD0iMSIgaGVpZ2h0PSIxIiB4bWxucz0iaHR0cDovL3d3dy53My5vcmcvMjAwMC9zdmciPjwvc3ZnPg==\" style=\"--smush-placeholder-width: 325px; --smush-placeholder-aspect-ratio: 325\/350;\" \/><\/a><figcaption class=\"wp-element-caption\">H\u00f4tel &amp; Spa Le Germain Charlevoix<\/figcaption><\/figure>\n\n\n\n<figure class=\"wp-block-image size-full\"><a href=\"https:\/\/traindecharlevoix.gvq.ca\/en\/packages\/forfait-train-de-charlevoix-et-hebergement-a-lhotel-baie-saint-paul\" target=\"_blank\" rel=\" noreferrer noopener\"><img decoding=\"async\" width=\"325\" height=\"350\" data-src=\"https:\/\/traindecharlevoix.com\/wp-content\/uploads\/2025\/10\/forfait-hotel-baie-saint-paul.webp\" alt=\"\" class=\"wp-image-15564 lazyload\" data-srcset=\"https:\/\/traindecharlevoix.com\/wp-content\/uploads\/2025\/10\/forfait-hotel-baie-saint-paul.webp 325w, https:\/\/traindecharlevoix.com\/wp-content\/uploads\/2025\/10\/forfait-hotel-baie-saint-paul-250x269.webp 250w\" data-sizes=\"(max-width: 325px) 100vw, 325px\" src=\"data:image\/svg+xml;base64,PHN2ZyB3aWR0aD0iMSIgaGVpZ2h0PSIxIiB4bWxucz0iaHR0cDovL3d3dy53My5vcmcvMjAwMC9zdmciPjwvc3ZnPg==\" style=\"--smush-placeholder-width: 325px; --smush-placeholder-aspect-ratio: 325\/350;\" \/><\/a><figcaption class=\"wp-element-caption\">H\u00f4tel Baie-Saint-Paul<\/figcaption><\/figure>\n\n\n\n<figure class=\"wp-block-image size-full\"><a href=\"https:\/\/traindecharlevoix.gvq.ca\/en\/packages\/forfait-train-de-charlevoix-et-hebergement-maison-otis\" target=\"_blank\" rel=\" noreferrer noopener\"><img decoding=\"async\" width=\"325\" height=\"350\" data-src=\"https:\/\/traindecharlevoix.com\/wp-content\/uploads\/2025\/10\/forfait-hotel-maison-otis.webp\" alt=\"\" class=\"wp-image-15566 lazyload\" data-srcset=\"https:\/\/traindecharlevoix.com\/wp-content\/uploads\/2025\/10\/forfait-hotel-maison-otis.webp 325w, https:\/\/traindecharlevoix.com\/wp-content\/uploads\/2025\/10\/forfait-hotel-maison-otis-250x269.webp 250w\" data-sizes=\"(max-width: 325px) 100vw, 325px\" src=\"data:image\/svg+xml;base64,PHN2ZyB3aWR0aD0iMSIgaGVpZ2h0PSIxIiB4bWxucz0iaHR0cDovL3d3dy53My5vcmcvMjAwMC9zdmciPjwvc3ZnPg==\" style=\"--smush-placeholder-width: 325px; --smush-placeholder-aspect-ratio: 325\/350;\" \/><\/a><figcaption class=\"wp-element-caption\">H\u00f4tel Maison Otis<\/figcaption><\/figure>\n\n\n\n<figure class=\"wp-block-image size-full\"><a href=\"https:\/\/traindecharlevoix.gvq.ca\/en\/packages\/forfait-train-de-charlevoix-et-hebergement-au-petit-manoir-du-casino\" target=\"_blank\" rel=\" noreferrer noopener\"><img decoding=\"async\" width=\"325\" height=\"350\" data-src=\"https:\/\/traindecharlevoix.com\/wp-content\/uploads\/2025\/10\/forfait-petit-manoir-casino.webp\" alt=\"\" class=\"wp-image-15562 lazyload\" data-srcset=\"https:\/\/traindecharlevoix.com\/wp-content\/uploads\/2025\/10\/forfait-petit-manoir-casino.webp 325w, https:\/\/traindecharlevoix.com\/wp-content\/uploads\/2025\/10\/forfait-petit-manoir-casino-250x269.webp 250w\" data-sizes=\"(max-width: 325px) 100vw, 325px\" src=\"data:image\/svg+xml;base64,PHN2ZyB3aWR0aD0iMSIgaGVpZ2h0PSIxIiB4bWxucz0iaHR0cDovL3d3dy53My5vcmcvMjAwMC9zdmciPjwvc3ZnPg==\" style=\"--smush-placeholder-width: 325px; --smush-placeholder-aspect-ratio: 325\/350;\" \/><\/a><figcaption class=\"wp-element-caption\">Petit Manoir du Casino<\/figcaption><\/figure>\n\n\n\n<figure class=\"wp-block-image size-full\"><a href=\"https:\/\/traindecharlevoix.gvq.ca\/en\/packages\/forfait-train-de-charlevoix-et-hebergement-a-lhotel-cap-aux-pierres\" target=\"_blank\" rel=\" noreferrer noopener\"><img decoding=\"async\" width=\"325\" height=\"350\" data-src=\"https:\/\/traindecharlevoix.com\/wp-content\/uploads\/2025\/10\/hotel-cap-aux-pierres.webp\" alt=\"\" class=\"wp-image-15558 lazyload\" data-srcset=\"https:\/\/traindecharlevoix.com\/wp-content\/uploads\/2025\/10\/hotel-cap-aux-pierres.webp 325w, https:\/\/traindecharlevoix.com\/wp-content\/uploads\/2025\/10\/hotel-cap-aux-pierres-250x269.webp 250w\" data-sizes=\"(max-width: 325px) 100vw, 325px\" src=\"data:image\/svg+xml;base64,PHN2ZyB3aWR0aD0iMSIgaGVpZ2h0PSIxIiB4bWxucz0iaHR0cDovL3d3dy53My5vcmcvMjAwMC9zdmciPjwvc3ZnPg==\" style=\"--smush-placeholder-width: 325px; --smush-placeholder-aspect-ratio: 325\/350;\" \/><\/a><figcaption class=\"wp-element-caption\">H\u00f4tel Cap-aux-Pierres<\/figcaption><\/figure>\n<\/div>\n<\/div><\/section>\n\n\n\n<section class=\"wp-block-group alignfull is-style-tickets has-white-background-color has-background\" id=\"journeys\"><div class=\"wp-block-group__inner-container is-layout-constrained wp-block-group-is-layout-constrained\">\n<div class=\"wp-block-columns alignwide is-layout-flex wp-container-core-columns-is-layout-28f84493 wp-block-columns-is-layout-flex\">\n<div class=\"wp-block-column has-background is-layout-flow wp-block-column-is-layout-flow\" style=\"background-color:#f2f2f2\">\n<h2 class=\"wp-block-heading has-text-align-center mb0\" style=\"font-size:28px\">Qu\u00e9bec to<br>La Malbaie<\/h2>\n\n\n\n<p class=\"has-text-align-center\">Starting at 268$ (round trip) regular price.<br><\/p>\n\n\n\n<div style=\"height:15px\" aria-hidden=\"true\" class=\"wp-block-spacer\"><\/div>\n\n\n\n<ul class=\"wp-block-list\">\n<li><strong>8h00<\/strong>&nbsp;\u2013&nbsp;Departure from Qu\u00e9bec <em>(Chute-Montmorency)<\/em><\/li>\n\n\n\n<li><strong>10h30<\/strong>&nbsp;\u2013&nbsp;Arrival at Baie-Saint-Paul&nbsp;<\/li>\n\n\n\n<li><strong>11h00<\/strong>&nbsp;\u2013&nbsp;Departure from Baie-Saint-Paul <em>(H\u00f4tel Le Germain)<\/em><\/li>\n\n\n\n<li><strong>12h30<\/strong>&nbsp;\u2013&nbsp;Arrival at La Malbaie<\/li>\n\n\n\n<li><strong>13h00<\/strong>&nbsp;\u2013&nbsp;Departure from La Malbaie <em>(secteur Pointe-au-Pic)<\/em><\/li>\n\n\n\n<li><strong>14h30<\/strong>&nbsp;\u2013&nbsp;Arrival at Baie-Saint-Paul&nbsp;<\/li>\n\n\n\n<li><strong>15h00<\/strong>&nbsp;\u2013&nbsp;Departure from Baie-Saint-Paul <em>(H\u00f4tel Le Germain)<\/em><\/li>\n\n\n\n<li><strong>17h30<\/strong>&nbsp;\u2013&nbsp;Arrival at Qu\u00e9bec<\/li>\n<\/ul>\n\n\n\n<div style=\"height:20px\" aria-hidden=\"true\" class=\"wp-block-spacer\"><\/div>\n\n\n\n<div class=\"wp-block-buttons is-content-justification-center is-layout-flex wp-container-core-buttons-is-layout-a89b3969 wp-block-buttons-is-layout-flex\">\n<div class=\"wp-block-button is-style-fill\"><a class=\"wp-block-button__link has-white-color has-text-color has-background has-link-color wp-element-button\" href=\"https:\/\/forfait.gvq.ca\/#\/6637\/GVI?step=welcome&amp;agent_id=21679&amp;lang=en\" style=\"border-radius:0px;background-color:#fba43a\" target=\"_blank\" rel=\"noreferrer noopener\">Book<\/a><\/div>\n<\/div>\n<\/div>\n\n\n\n<div class=\"wp-block-column has-background is-layout-flow wp-block-column-is-layout-flow\" style=\"background-color:#f2f2f2\">\n<h2 class=\"wp-block-heading has-text-align-center mb0\" style=\"font-size:28px\">Qu\u00e9bec to<br>Baie-Saint-Paul<\/h2>\n\n\n\n<p class=\"has-text-align-center\">Starting at 169$ (round trip) regular price.<br><\/p>\n\n\n\n<div style=\"height:15px\" aria-hidden=\"true\" class=\"wp-block-spacer\"><\/div>\n\n\n\n<ul class=\"wp-block-list\">\n<li><strong>8h00<\/strong>&nbsp;\u2013&nbsp;Departure from Qu\u00e9bec <em>(Chute-Montmorency)<\/em><\/li>\n\n\n\n<li><strong>10h30<\/strong>&nbsp;\u2013&nbsp;Arrival at Baie-Saint-Paul&nbsp;<\/li>\n\n\n\n<li><strong>15h00<\/strong>&nbsp;\u2013&nbsp;Departure from Baie-Saint-Paul <em>(H\u00f4tel Le Germain)&nbsp;<\/em><\/li>\n\n\n\n<li><strong>17h30<\/strong>&nbsp;\u2013&nbsp;Arrival at Qu\u00e9bec<\/li>\n<\/ul>\n\n\n\n<div style=\"height:20px\" aria-hidden=\"true\" class=\"wp-block-spacer\"><\/div>\n\n\n\n<div class=\"wp-block-buttons is-content-justification-center is-layout-flex wp-container-core-buttons-is-layout-a89b3969 wp-block-buttons-is-layout-flex\">\n<div class=\"wp-block-button is-style-fill\"><a class=\"wp-block-button__link has-white-color has-text-color has-background has-link-color wp-element-button\" href=\"https:\/\/forfait.gvq.ca\/#\/6648\/GVI?step=welcome&amp;agent_id=21679&amp;lang=en\" style=\"border-radius:0px;background-color:#fba43a\" target=\"_blank\" rel=\"noreferrer noopener\">Book<\/a><\/div>\n<\/div>\n<\/div>\n\n\n\n<div class=\"wp-block-column has-background is-layout-flow wp-block-column-is-layout-flow\" style=\"background-color:#f2f2f2\">\n<h2 class=\"wp-block-heading has-text-align-center mb0\" style=\"font-size:28px\">Baie-Saint-Paul to<br>La Malbaie<\/h2>\n\n\n\n<p class=\"has-text-align-center\">Starting at 99$ (round trip) regular price.<br><\/p>\n\n\n\n<div style=\"height:15px\" aria-hidden=\"true\" class=\"wp-block-spacer\"><\/div>\n\n\n\n<ul class=\"wp-block-list\">\n<li><strong>11h00<\/strong>&nbsp;\u2013&nbsp;Departure from Baie-Saint-Paul <em>(H\u00f4tel Le Germain)<\/em><\/li>\n\n\n\n<li><strong>12h30<\/strong>&nbsp;\u2013&nbsp;Arrival at La Malbaie<\/li>\n\n\n\n<li><strong>13h00<\/strong>&nbsp;\u2013&nbsp;Departure from La Malbaie <em>(secteur Pointe-au-Pic)<\/em><\/li>\n\n\n\n<li><strong>14h30<\/strong>&nbsp;\u2013&nbsp;Arrival at Baie-Saint-Paul&nbsp;<\/li>\n<\/ul>\n\n\n\n<div style=\"height:20px\" aria-hidden=\"true\" class=\"wp-block-spacer\"><\/div>\n\n\n\n<div class=\"wp-block-buttons is-content-justification-center is-layout-flex wp-container-core-buttons-is-layout-a89b3969 wp-block-buttons-is-layout-flex\">\n<div class=\"wp-block-button is-style-fill\"><a class=\"wp-block-button__link has-white-color has-text-color has-background has-link-color wp-element-button\" href=\"https:\/\/forfait.gvq.ca\/#\/6650\/GVI?step=welcome&amp;agent_id=21679&amp;lang=en\" style=\"border-radius:0px;background-color:#fba43a\" target=\"_blank\" rel=\"noreferrer noopener\">Book<\/a><\/div>\n<\/div>\n<\/div>\n<\/div>\n<\/div><\/section>\n","protected":false},"excerpt":{"rendered":"<p>The 2026 season starts on June 5th! Book online or contact us at 1 833 616-7135 Our Train &amp; Accommodation packages 2026 Qu\u00e9bec toLa Malbaie Starting at 268$ (round trip) regular price. Qu\u00e9bec toBaie-Saint-Paul Starting at 169$ (round trip) regular price. Baie-Saint-Paul toLa Malbaie Starting at 99$ (round trip) regular price.<\/p>\n","protected":false},"author":4,"featured_media":4747,"parent":0,"menu_order":0,"comment_status":"closed","ping_status":"closed","template":"template-accueil-2021.php","meta":{"_acf_changed":false,"footnotes":""},"class_list":["post-5189","page","type-page","status-publish","has-post-thumbnail","hentry"],"acf":[],"yoast_head":"<!-- This site is optimized with the Yoast SEO plugin v26.7 - https:\/\/yoast.com\/wordpress\/plugins\/seo\/ -->\n<title>Train de Charlevoix<\/title>\n<meta name=\"description\" content=\"Le Train de Charlevoix vous permet de vivre une exp\u00e9rience unique et de d\u00e9couvrir la magnifique r\u00e9gion de Charlevoix. Laissez-vous charmer !\" \/>\n<meta name=\"robots\" content=\"index, follow, max-snippet:-1, max-image-preview:large, max-video-preview:-1\" \/>\n<link rel=\"canonical\" href=\"https:\/\/traindecharlevoix.com\/en\/\" \/>\n<meta property=\"og:locale\" content=\"en_US\" \/>\n<meta property=\"og:type\" content=\"article\" \/>\n<meta property=\"og:title\" content=\"Train de Charlevoix\" \/>\n<meta property=\"og:description\" content=\"Le Train de Charlevoix vous permet de vivre une exp\u00e9rience unique et de d\u00e9couvrir la magnifique r\u00e9gion de Charlevoix. Laissez-vous charmer !\" \/>\n<meta property=\"og:url\" content=\"https:\/\/traindecharlevoix.com\/en\/\" \/>\n<meta property=\"og:site_name\" content=\"Train de Charlevoix\" \/>\n<meta property=\"article:publisher\" content=\"https:\/\/www.facebook.com\/traindecharlevoix\/\" \/>\n<meta property=\"article:modified_time\" content=\"2026-04-14T13:55:08+00:00\" \/>\n<meta property=\"og:image\" content=\"https:\/\/traindecharlevoix.com\/wp-content\/uploads\/2021\/03\/5a7-large.jpg\" \/>\n\t<meta property=\"og:image:width\" content=\"1500\" \/>\n\t<meta property=\"og:image:height\" content=\"679\" \/>\n\t<meta property=\"og:image:type\" content=\"image\/jpeg\" \/>\n<meta name=\"twitter:card\" content=\"summary_large_image\" \/>\n<meta name=\"twitter:label1\" content=\"Est. reading time\" \/>\n\t<meta name=\"twitter:data1\" content=\"3 minutes\" \/>\n<script type=\"application\/ld+json\" class=\"yoast-schema-graph\">{\"@context\":\"https:\/\/schema.org\",\"@graph\":[{\"@type\":\"WebPage\",\"@id\":\"https:\/\/traindecharlevoix.com\/en\/\",\"url\":\"https:\/\/traindecharlevoix.com\/en\/\",\"name\":\"Train de Charlevoix\",\"isPartOf\":{\"@id\":\"https:\/\/traindecharlevoix.com\/en\/#website\"},\"primaryImageOfPage\":{\"@id\":\"https:\/\/traindecharlevoix.com\/en\/#primaryimage\"},\"image\":{\"@id\":\"https:\/\/traindecharlevoix.com\/en\/#primaryimage\"},\"thumbnailUrl\":\"https:\/\/traindecharlevoix.com\/wp-content\/uploads\/2021\/03\/5a7-large.jpg\",\"datePublished\":\"2021-03-23T18:17:22+00:00\",\"dateModified\":\"2026-04-14T13:55:08+00:00\",\"description\":\"Le Train de Charlevoix vous permet de vivre une exp\u00e9rience unique et de d\u00e9couvrir la magnifique r\u00e9gion de Charlevoix. Laissez-vous charmer !\",\"breadcrumb\":{\"@id\":\"https:\/\/traindecharlevoix.com\/en\/#breadcrumb\"},\"inLanguage\":\"en-US\",\"potentialAction\":[{\"@type\":\"ReadAction\",\"target\":[\"https:\/\/traindecharlevoix.com\/en\/\"]}]},{\"@type\":\"ImageObject\",\"inLanguage\":\"en-US\",\"@id\":\"https:\/\/traindecharlevoix.com\/en\/#primaryimage\",\"url\":\"https:\/\/traindecharlevoix.com\/wp-content\/uploads\/2021\/03\/5a7-large.jpg\",\"contentUrl\":\"https:\/\/traindecharlevoix.com\/wp-content\/uploads\/2021\/03\/5a7-large.jpg\",\"width\":1500,\"height\":679},{\"@type\":\"BreadcrumbList\",\"@id\":\"https:\/\/traindecharlevoix.com\/en\/#breadcrumb\",\"itemListElement\":[{\"@type\":\"ListItem\",\"position\":1,\"name\":\"Home\",\"item\":\"https:\/\/traindecharlevoix.com\/en\/\"},{\"@type\":\"ListItem\",\"position\":2,\"name\":\"Home\"}]},{\"@type\":\"WebSite\",\"@id\":\"https:\/\/traindecharlevoix.com\/en\/#website\",\"url\":\"https:\/\/traindecharlevoix.com\/en\/\",\"name\":\"Train de Charlevoix\",\"description\":\"Le Train de Charlevoix vous permet de vivre une exp\u00e9rience unique et de d\u00e9couvrir la magnifique r\u00e9gion de Charlevoix. Laissez-vous charmer !\",\"publisher\":{\"@id\":\"https:\/\/traindecharlevoix.com\/en\/#organization\"},\"potentialAction\":[{\"@type\":\"SearchAction\",\"target\":{\"@type\":\"EntryPoint\",\"urlTemplate\":\"https:\/\/traindecharlevoix.com\/en\/?s={search_term_string}\"},\"query-input\":{\"@type\":\"PropertyValueSpecification\",\"valueRequired\":true,\"valueName\":\"search_term_string\"}}],\"inLanguage\":\"en-US\"},{\"@type\":\"Organization\",\"@id\":\"https:\/\/traindecharlevoix.com\/en\/#organization\",\"name\":\"Train de Charlevoix\",\"url\":\"https:\/\/traindecharlevoix.com\/en\/\",\"logo\":{\"@type\":\"ImageObject\",\"inLanguage\":\"en-US\",\"@id\":\"https:\/\/traindecharlevoix.com\/en\/#\/schema\/logo\/image\/\",\"url\":\"https:\/\/traindecharlevoix.com\/wp-content\/uploads\/2019\/05\/train_de_charlevoix_logo.svg\",\"contentUrl\":\"https:\/\/traindecharlevoix.com\/wp-content\/uploads\/2019\/05\/train_de_charlevoix_logo.svg\",\"width\":88,\"height\":45,\"caption\":\"Train de Charlevoix\"},\"image\":{\"@id\":\"https:\/\/traindecharlevoix.com\/en\/#\/schema\/logo\/image\/\"},\"sameAs\":[\"https:\/\/www.facebook.com\/traindecharlevoix\/\",\"https:\/\/www.instagram.com\/traindecharlevoix\/\"]}]}<\/script>\n<!-- \/ Yoast SEO plugin. -->","yoast_head_json":{"title":"Train de Charlevoix","description":"Le Train de Charlevoix vous permet de vivre une exp\u00e9rience unique et de d\u00e9couvrir la magnifique r\u00e9gion de Charlevoix. Laissez-vous charmer !","robots":{"index":"index","follow":"follow","max-snippet":"max-snippet:-1","max-image-preview":"max-image-preview:large","max-video-preview":"max-video-preview:-1"},"canonical":"https:\/\/traindecharlevoix.com\/en\/","og_locale":"en_US","og_type":"article","og_title":"Train de Charlevoix","og_description":"Le Train de Charlevoix vous permet de vivre une exp\u00e9rience unique et de d\u00e9couvrir la magnifique r\u00e9gion de Charlevoix. Laissez-vous charmer !","og_url":"https:\/\/traindecharlevoix.com\/en\/","og_site_name":"Train de Charlevoix","article_publisher":"https:\/\/www.facebook.com\/traindecharlevoix\/","article_modified_time":"2026-04-14T13:55:08+00:00","og_image":[{"width":1500,"height":679,"url":"https:\/\/traindecharlevoix.com\/wp-content\/uploads\/2021\/03\/5a7-large.jpg","type":"image\/jpeg"}],"twitter_card":"summary_large_image","twitter_misc":{"Est. reading time":"3 minutes"},"schema":{"@context":"https:\/\/schema.org","@graph":[{"@type":"WebPage","@id":"https:\/\/traindecharlevoix.com\/en\/","url":"https:\/\/traindecharlevoix.com\/en\/","name":"Train de Charlevoix","isPartOf":{"@id":"https:\/\/traindecharlevoix.com\/en\/#website"},"primaryImageOfPage":{"@id":"https:\/\/traindecharlevoix.com\/en\/#primaryimage"},"image":{"@id":"https:\/\/traindecharlevoix.com\/en\/#primaryimage"},"thumbnailUrl":"https:\/\/traindecharlevoix.com\/wp-content\/uploads\/2021\/03\/5a7-large.jpg","datePublished":"2021-03-23T18:17:22+00:00","dateModified":"2026-04-14T13:55:08+00:00","description":"Le Train de Charlevoix vous permet de vivre une exp\u00e9rience unique et de d\u00e9couvrir la magnifique r\u00e9gion de Charlevoix. Laissez-vous charmer !","breadcrumb":{"@id":"https:\/\/traindecharlevoix.com\/en\/#breadcrumb"},"inLanguage":"en-US","potentialAction":[{"@type":"ReadAction","target":["https:\/\/traindecharlevoix.com\/en\/"]}]},{"@type":"ImageObject","inLanguage":"en-US","@id":"https:\/\/traindecharlevoix.com\/en\/#primaryimage","url":"https:\/\/traindecharlevoix.com\/wp-content\/uploads\/2021\/03\/5a7-large.jpg","contentUrl":"https:\/\/traindecharlevoix.com\/wp-content\/uploads\/2021\/03\/5a7-large.jpg","width":1500,"height":679},{"@type":"BreadcrumbList","@id":"https:\/\/traindecharlevoix.com\/en\/#breadcrumb","itemListElement":[{"@type":"ListItem","position":1,"name":"Home","item":"https:\/\/traindecharlevoix.com\/en\/"},{"@type":"ListItem","position":2,"name":"Home"}]},{"@type":"WebSite","@id":"https:\/\/traindecharlevoix.com\/en\/#website","url":"https:\/\/traindecharlevoix.com\/en\/","name":"Train de Charlevoix","description":"Le Train de Charlevoix vous permet de vivre une exp\u00e9rience unique et de d\u00e9couvrir la magnifique r\u00e9gion de Charlevoix. Laissez-vous charmer !","publisher":{"@id":"https:\/\/traindecharlevoix.com\/en\/#organization"},"potentialAction":[{"@type":"SearchAction","target":{"@type":"EntryPoint","urlTemplate":"https:\/\/traindecharlevoix.com\/en\/?s={search_term_string}"},"query-input":{"@type":"PropertyValueSpecification","valueRequired":true,"valueName":"search_term_string"}}],"inLanguage":"en-US"},{"@type":"Organization","@id":"https:\/\/traindecharlevoix.com\/en\/#organization","name":"Train de Charlevoix","url":"https:\/\/traindecharlevoix.com\/en\/","logo":{"@type":"ImageObject","inLanguage":"en-US","@id":"https:\/\/traindecharlevoix.com\/en\/#\/schema\/logo\/image\/","url":"https:\/\/traindecharlevoix.com\/wp-content\/uploads\/2019\/05\/train_de_charlevoix_logo.svg","contentUrl":"https:\/\/traindecharlevoix.com\/wp-content\/uploads\/2019\/05\/train_de_charlevoix_logo.svg","width":88,"height":45,"caption":"Train de Charlevoix"},"image":{"@id":"https:\/\/traindecharlevoix.com\/en\/#\/schema\/logo\/image\/"},"sameAs":["https:\/\/www.facebook.com\/traindecharlevoix\/","https:\/\/www.instagram.com\/traindecharlevoix\/"]}]}},"_links":{"self":[{"href":"https:\/\/traindecharlevoix.com\/en\/wp-json\/wp\/v2\/pages\/5189","targetHints":{"allow":["GET"]}}],"collection":[{"href":"https:\/\/traindecharlevoix.com\/en\/wp-json\/wp\/v2\/pages"}],"about":[{"href":"https:\/\/traindecharlevoix.com\/en\/wp-json\/wp\/v2\/types\/page"}],"author":[{"embeddable":true,"href":"https:\/\/traindecharlevoix.com\/en\/wp-json\/wp\/v2\/users\/4"}],"replies":[{"embeddable":true,"href":"https:\/\/traindecharlevoix.com\/en\/wp-json\/wp\/v2\/comments?post=5189"}],"version-history":[{"count":5,"href":"https:\/\/traindecharlevoix.com\/en\/wp-json\/wp\/v2\/pages\/5189\/revisions"}],"predecessor-version":[{"id":15947,"href":"https:\/\/traindecharlevoix.com\/en\/wp-json\/wp\/v2\/pages\/5189\/revisions\/15947"}],"wp:featuredmedia":[{"embeddable":true,"href":"https:\/\/traindecharlevoix.com\/en\/wp-json\/wp\/v2\/media\/4747"}],"wp:attachment":[{"href":"https:\/\/traindecharlevoix.com\/en\/wp-json\/wp\/v2\/media?parent=5189"}],"curies":[{"name":"wp","href":"https:\/\/api.w.org\/{rel}","templated":true}]}}