{"id":4507,"date":"2020-11-25T14:50:57","date_gmt":"2020-11-25T19:50:57","guid":{"rendered":"https:\/\/traindecharlevoix.com\/?page_id=4507"},"modified":"2025-05-06T13:26:07","modified_gmt":"2025-05-06T17:26:07","slug":"virtual-visit","status":"publish","type":"page","link":"https:\/\/traindecharlevoix.com\/en\/le-train\/virtual-visit\/","title":{"rendered":"Virtual Visit"},"content":{"rendered":"\n<div style=\"height:70px\" aria-hidden=\"true\" class=\"wp-block-spacer\"><\/div>\n\n\n\n<p class=\"has-text-align-center\">Here is the best way to answer your questions about our Train, we offer you the possibility to visit the interior of the cars in a virtual way!<\/p>\n\n\n\n<div style=\"height:50px\" aria-hidden=\"true\" class=\"wp-block-spacer\"><\/div>\n\n\n\n<div class=\"text-center\"><iframe data-src=\"https:\/\/www.google.com\/maps\/embed?pb=!4v1606216711526!6m8!1m7!1sCAoSLEFGMVFpcE94d3d3N29lWXpQdjhrNS10Tlk5c2JFR0NiMUhVTlpiSmtMV0sx!2m2!1d47.435887910833!2d-70.50594561341!3f169.8994470531776!4f0.3232850103395606!5f0.7820865974627469\" width=\"600\" height=\"450\" frameborder=\"0\" style=\"border:0;\" allowfullscreen=\"\" aria-hidden=\"false\" tabindex=\"0\" src=\"data:image\/svg+xml;base64,PHN2ZyB3aWR0aD0iMSIgaGVpZ2h0PSIxIiB4bWxucz0iaHR0cDovL3d3dy53My5vcmcvMjAwMC9zdmciPjwvc3ZnPg==\" class=\"lazyload\" data-load-mode=\"1\"><\/iframe><\/div>\n\n\n\n<p><\/p>\n","protected":false},"excerpt":{"rendered":"<p>Here is the best way to answer your questions about our Train, we offer you the possibility to visit the interior of the cars in a virtual way!<\/p>\n","protected":false},"author":4,"featured_media":663,"parent":2341,"menu_order":0,"comment_status":"closed","ping_status":"closed","template":"page-gutenberg.php","meta":{"_acf_changed":false,"footnotes":""},"class_list":["post-4507","page","type-page","status-publish","has-post-thumbnail","hentry"],"acf":[],"yoast_head":"<!-- This site is optimized with the Yoast SEO plugin v26.7 - https:\/\/yoast.com\/wordpress\/plugins\/seo\/ -->\n<title>Virtual Visit - Train de Charlevoix<\/title>\n<meta name=\"description\" content=\"Le Train de Charlevoix vous permet de vivre une exp\u00e9rience unique et de d\u00e9couvrir la magnifique r\u00e9gion de Charlevoix. Laissez-vous charmer !\" \/>\n<meta name=\"robots\" content=\"index, follow, max-snippet:-1, max-image-preview:large, max-video-preview:-1\" \/>\n<link rel=\"canonical\" href=\"https:\/\/traindecharlevoix.com\/en\/le-train\/virtual-visit\/\" \/>\n<meta property=\"og:locale\" content=\"en_US\" \/>\n<meta property=\"og:type\" content=\"article\" \/>\n<meta property=\"og:title\" content=\"Virtual Visit - Train de Charlevoix\" \/>\n<meta property=\"og:description\" content=\"Le Train de Charlevoix vous permet de vivre une exp\u00e9rience unique et de d\u00e9couvrir la magnifique r\u00e9gion de Charlevoix. Laissez-vous charmer !\" \/>\n<meta property=\"og:url\" content=\"https:\/\/traindecharlevoix.com\/en\/le-train\/virtual-visit\/\" \/>\n<meta property=\"og:site_name\" content=\"Train de Charlevoix\" \/>\n<meta property=\"article:publisher\" content=\"https:\/\/www.facebook.com\/traindecharlevoix\/\" \/>\n<meta property=\"article:modified_time\" content=\"2025-05-06T17:26:07+00:00\" \/>\n<meta property=\"og:image\" content=\"https:\/\/traindecharlevoix.com\/wp-content\/uploads\/2019\/04\/TrainMalbaie_10carolineperronphotographies.jpg\" \/>\n\t<meta property=\"og:image:width\" content=\"1001\" \/>\n\t<meta property=\"og:image:height\" content=\"1500\" \/>\n\t<meta property=\"og:image:type\" content=\"image\/jpeg\" \/>\n<meta name=\"twitter:card\" content=\"summary_large_image\" \/>\n<meta name=\"twitter:label1\" content=\"Est. reading time\" \/>\n\t<meta name=\"twitter:data1\" content=\"1 minute\" \/>\n<script type=\"application\/ld+json\" class=\"yoast-schema-graph\">{\"@context\":\"https:\/\/schema.org\",\"@graph\":[{\"@type\":\"WebPage\",\"@id\":\"https:\/\/traindecharlevoix.com\/en\/le-train\/virtual-visit\/\",\"url\":\"https:\/\/traindecharlevoix.com\/en\/le-train\/virtual-visit\/\",\"name\":\"Virtual Visit - Train de Charlevoix\",\"isPartOf\":{\"@id\":\"https:\/\/traindecharlevoix.com\/en\/#website\"},\"primaryImageOfPage\":{\"@id\":\"https:\/\/traindecharlevoix.com\/en\/le-train\/virtual-visit\/#primaryimage\"},\"image\":{\"@id\":\"https:\/\/traindecharlevoix.com\/en\/le-train\/virtual-visit\/#primaryimage\"},\"thumbnailUrl\":\"https:\/\/traindecharlevoix.com\/wp-content\/uploads\/2019\/04\/TrainMalbaie_10carolineperronphotographies.jpg\",\"datePublished\":\"2020-11-25T19:50:57+00:00\",\"dateModified\":\"2025-05-06T17:26:07+00:00\",\"description\":\"Le Train de Charlevoix vous permet de vivre une exp\u00e9rience unique et de d\u00e9couvrir la magnifique r\u00e9gion de Charlevoix. Laissez-vous charmer !\",\"breadcrumb\":{\"@id\":\"https:\/\/traindecharlevoix.com\/en\/le-train\/virtual-visit\/#breadcrumb\"},\"inLanguage\":\"en-US\",\"potentialAction\":[{\"@type\":\"ReadAction\",\"target\":[\"https:\/\/traindecharlevoix.com\/en\/le-train\/virtual-visit\/\"]}]},{\"@type\":\"ImageObject\",\"inLanguage\":\"en-US\",\"@id\":\"https:\/\/traindecharlevoix.com\/en\/le-train\/virtual-visit\/#primaryimage\",\"url\":\"https:\/\/traindecharlevoix.com\/wp-content\/uploads\/2019\/04\/TrainMalbaie_10carolineperronphotographies.jpg\",\"contentUrl\":\"https:\/\/traindecharlevoix.com\/wp-content\/uploads\/2019\/04\/TrainMalbaie_10carolineperronphotographies.jpg\",\"width\":1001,\"height\":1500},{\"@type\":\"BreadcrumbList\",\"@id\":\"https:\/\/traindecharlevoix.com\/en\/le-train\/virtual-visit\/#breadcrumb\",\"itemListElement\":[{\"@type\":\"ListItem\",\"position\":1,\"name\":\"Home\",\"item\":\"https:\/\/traindecharlevoix.com\/en\/\"},{\"@type\":\"ListItem\",\"position\":2,\"name\":\"The Train\",\"item\":\"https:\/\/traindecharlevoix.com\/en\/le-train\/\"},{\"@type\":\"ListItem\",\"position\":3,\"name\":\"Virtual Visit\"}]},{\"@type\":\"WebSite\",\"@id\":\"https:\/\/traindecharlevoix.com\/en\/#website\",\"url\":\"https:\/\/traindecharlevoix.com\/en\/\",\"name\":\"Train de Charlevoix\",\"description\":\"Le Train de Charlevoix vous permet de vivre une exp\u00e9rience unique et de d\u00e9couvrir la magnifique r\u00e9gion de Charlevoix. Laissez-vous charmer !\",\"publisher\":{\"@id\":\"https:\/\/traindecharlevoix.com\/en\/#organization\"},\"potentialAction\":[{\"@type\":\"SearchAction\",\"target\":{\"@type\":\"EntryPoint\",\"urlTemplate\":\"https:\/\/traindecharlevoix.com\/en\/?s={search_term_string}\"},\"query-input\":{\"@type\":\"PropertyValueSpecification\",\"valueRequired\":true,\"valueName\":\"search_term_string\"}}],\"inLanguage\":\"en-US\"},{\"@type\":\"Organization\",\"@id\":\"https:\/\/traindecharlevoix.com\/en\/#organization\",\"name\":\"Train de Charlevoix\",\"url\":\"https:\/\/traindecharlevoix.com\/en\/\",\"logo\":{\"@type\":\"ImageObject\",\"inLanguage\":\"en-US\",\"@id\":\"https:\/\/traindecharlevoix.com\/en\/#\/schema\/logo\/image\/\",\"url\":\"https:\/\/traindecharlevoix.com\/wp-content\/uploads\/2019\/05\/train_de_charlevoix_logo.svg\",\"contentUrl\":\"https:\/\/traindecharlevoix.com\/wp-content\/uploads\/2019\/05\/train_de_charlevoix_logo.svg\",\"width\":88,\"height\":45,\"caption\":\"Train de Charlevoix\"},\"image\":{\"@id\":\"https:\/\/traindecharlevoix.com\/en\/#\/schema\/logo\/image\/\"},\"sameAs\":[\"https:\/\/www.facebook.com\/traindecharlevoix\/\",\"https:\/\/www.instagram.com\/traindecharlevoix\/\"]}]}<\/script>\n<!-- \/ Yoast SEO plugin. -->","yoast_head_json":{"title":"Virtual Visit - Train de Charlevoix","description":"Le Train de Charlevoix vous permet de vivre une exp\u00e9rience unique et de d\u00e9couvrir la magnifique r\u00e9gion de Charlevoix. Laissez-vous charmer !","robots":{"index":"index","follow":"follow","max-snippet":"max-snippet:-1","max-image-preview":"max-image-preview:large","max-video-preview":"max-video-preview:-1"},"canonical":"https:\/\/traindecharlevoix.com\/en\/le-train\/virtual-visit\/","og_locale":"en_US","og_type":"article","og_title":"Virtual Visit - Train de Charlevoix","og_description":"Le Train de Charlevoix vous permet de vivre une exp\u00e9rience unique et de d\u00e9couvrir la magnifique r\u00e9gion de Charlevoix. Laissez-vous charmer !","og_url":"https:\/\/traindecharlevoix.com\/en\/le-train\/virtual-visit\/","og_site_name":"Train de Charlevoix","article_publisher":"https:\/\/www.facebook.com\/traindecharlevoix\/","article_modified_time":"2025-05-06T17:26:07+00:00","og_image":[{"width":1001,"height":1500,"url":"https:\/\/traindecharlevoix.com\/wp-content\/uploads\/2019\/04\/TrainMalbaie_10carolineperronphotographies.jpg","type":"image\/jpeg"}],"twitter_card":"summary_large_image","twitter_misc":{"Est. reading time":"1 minute"},"schema":{"@context":"https:\/\/schema.org","@graph":[{"@type":"WebPage","@id":"https:\/\/traindecharlevoix.com\/en\/le-train\/virtual-visit\/","url":"https:\/\/traindecharlevoix.com\/en\/le-train\/virtual-visit\/","name":"Virtual Visit - Train de Charlevoix","isPartOf":{"@id":"https:\/\/traindecharlevoix.com\/en\/#website"},"primaryImageOfPage":{"@id":"https:\/\/traindecharlevoix.com\/en\/le-train\/virtual-visit\/#primaryimage"},"image":{"@id":"https:\/\/traindecharlevoix.com\/en\/le-train\/virtual-visit\/#primaryimage"},"thumbnailUrl":"https:\/\/traindecharlevoix.com\/wp-content\/uploads\/2019\/04\/TrainMalbaie_10carolineperronphotographies.jpg","datePublished":"2020-11-25T19:50:57+00:00","dateModified":"2025-05-06T17:26:07+00:00","description":"Le Train de Charlevoix vous permet de vivre une exp\u00e9rience unique et de d\u00e9couvrir la magnifique r\u00e9gion de Charlevoix. Laissez-vous charmer !","breadcrumb":{"@id":"https:\/\/traindecharlevoix.com\/en\/le-train\/virtual-visit\/#breadcrumb"},"inLanguage":"en-US","potentialAction":[{"@type":"ReadAction","target":["https:\/\/traindecharlevoix.com\/en\/le-train\/virtual-visit\/"]}]},{"@type":"ImageObject","inLanguage":"en-US","@id":"https:\/\/traindecharlevoix.com\/en\/le-train\/virtual-visit\/#primaryimage","url":"https:\/\/traindecharlevoix.com\/wp-content\/uploads\/2019\/04\/TrainMalbaie_10carolineperronphotographies.jpg","contentUrl":"https:\/\/traindecharlevoix.com\/wp-content\/uploads\/2019\/04\/TrainMalbaie_10carolineperronphotographies.jpg","width":1001,"height":1500},{"@type":"BreadcrumbList","@id":"https:\/\/traindecharlevoix.com\/en\/le-train\/virtual-visit\/#breadcrumb","itemListElement":[{"@type":"ListItem","position":1,"name":"Home","item":"https:\/\/traindecharlevoix.com\/en\/"},{"@type":"ListItem","position":2,"name":"The Train","item":"https:\/\/traindecharlevoix.com\/en\/le-train\/"},{"@type":"ListItem","position":3,"name":"Virtual Visit"}]},{"@type":"WebSite","@id":"https:\/\/traindecharlevoix.com\/en\/#website","url":"https:\/\/traindecharlevoix.com\/en\/","name":"Train de Charlevoix","description":"Le Train de Charlevoix vous permet de vivre une exp\u00e9rience unique et de d\u00e9couvrir la magnifique r\u00e9gion de Charlevoix. Laissez-vous charmer !","publisher":{"@id":"https:\/\/traindecharlevoix.com\/en\/#organization"},"potentialAction":[{"@type":"SearchAction","target":{"@type":"EntryPoint","urlTemplate":"https:\/\/traindecharlevoix.com\/en\/?s={search_term_string}"},"query-input":{"@type":"PropertyValueSpecification","valueRequired":true,"valueName":"search_term_string"}}],"inLanguage":"en-US"},{"@type":"Organization","@id":"https:\/\/traindecharlevoix.com\/en\/#organization","name":"Train de Charlevoix","url":"https:\/\/traindecharlevoix.com\/en\/","logo":{"@type":"ImageObject","inLanguage":"en-US","@id":"https:\/\/traindecharlevoix.com\/en\/#\/schema\/logo\/image\/","url":"https:\/\/traindecharlevoix.com\/wp-content\/uploads\/2019\/05\/train_de_charlevoix_logo.svg","contentUrl":"https:\/\/traindecharlevoix.com\/wp-content\/uploads\/2019\/05\/train_de_charlevoix_logo.svg","width":88,"height":45,"caption":"Train de Charlevoix"},"image":{"@id":"https:\/\/traindecharlevoix.com\/en\/#\/schema\/logo\/image\/"},"sameAs":["https:\/\/www.facebook.com\/traindecharlevoix\/","https:\/\/www.instagram.com\/traindecharlevoix\/"]}]}},"_links":{"self":[{"href":"https:\/\/traindecharlevoix.com\/en\/wp-json\/wp\/v2\/pages\/4507","targetHints":{"allow":["GET"]}}],"collection":[{"href":"https:\/\/traindecharlevoix.com\/en\/wp-json\/wp\/v2\/pages"}],"about":[{"href":"https:\/\/traindecharlevoix.com\/en\/wp-json\/wp\/v2\/types\/page"}],"author":[{"embeddable":true,"href":"https:\/\/traindecharlevoix.com\/en\/wp-json\/wp\/v2\/users\/4"}],"replies":[{"embeddable":true,"href":"https:\/\/traindecharlevoix.com\/en\/wp-json\/wp\/v2\/comments?post=4507"}],"version-history":[{"count":0,"href":"https:\/\/traindecharlevoix.com\/en\/wp-json\/wp\/v2\/pages\/4507\/revisions"}],"up":[{"embeddable":true,"href":"https:\/\/traindecharlevoix.com\/en\/wp-json\/wp\/v2\/pages\/2341"}],"wp:featuredmedia":[{"embeddable":true,"href":"https:\/\/traindecharlevoix.com\/en\/wp-json\/wp\/v2\/media\/663"}],"wp:attachment":[{"href":"https:\/\/traindecharlevoix.com\/en\/wp-json\/wp\/v2\/media?parent=4507"}],"curies":[{"name":"wp","href":"https:\/\/api.w.org\/{rel}","templated":true}]}}